{"id":2,"date":"2018-12-11T14:41:24","date_gmt":"2018-12-11T14:41:24","guid":{"rendered":"http:\/\/51.75.254.199\/?page_id=2"},"modified":"2018-12-12T07:40:10","modified_gmt":"2018-12-12T06:40:10","slug":"sample-page","status":"publish","type":"page","link":"https:\/\/www.cybsec.fr\/","title":{"rendered":"CybSec TIA"},"content":{"rendered":"<p>La pieuvre est la ma\u00eetresse de l&rsquo;omerta, la loi du silence, et de l&rsquo;encre qui opacifie tout au lieu d&rsquo;\u00e9clairer.<br \/>\nSon aspect polymorphe emp\u00eache de la distinguer clairement.<br \/>\nLa pieuvre a des propri\u00e9t\u00e9s mim\u00e9tiques qui lui permettent de se fondre dans son environnement.<\/p>\n<p><b>CybSec TIA<\/b>\u00a0est la premi\u00e8re Agence Fran\u00e7aise de Threat Intelligence, d&rsquo;Investigation et d&rsquo;Analyse sp\u00e9cialis\u00e9e en Cyber Risk Intelligence.<\/p>\n<p>Vous avez des besoins en Threat Intelligence et en strat\u00e9gie du renseignement ?<br \/>\nContactez la\u00a0<b>Forward Intelligence Team<\/b>\u00a0de la CybSec TIA en cliquant\u00a0<a href=\"https:\/\/www.cybsec.fr\/index.php\/contactez-nous\/\">ici<\/a>.<\/p>\n","protected":false},"excerpt":{"rendered":"<p>La pieuvre est la ma\u00eetresse de l&rsquo;omerta, la loi du silence, et de l&rsquo;encre qui opacifie tout au lieu d&rsquo;\u00e9clairer. Son aspect polymorphe emp\u00eache de la distinguer clairement. La pieuvre a des propri\u00e9t\u00e9s mim\u00e9tiques qui lui permettent de se fondre dans son environnement. CybSec TIA\u00a0est la premi\u00e8re Agence Fran\u00e7aise de Threat Intelligence, d&rsquo;Investigation et d&rsquo;Analyse &hellip; <a href=\"https:\/\/www.cybsec.fr\/\" class=\"more-link\">Continuer la lecture<span class=\"screen-reader-text\"> de &laquo;&nbsp;CybSec TIA&nbsp;&raquo;<\/span><\/a><\/p>\n","protected":false},"author":1,"featured_media":0,"parent":0,"menu_order":0,"comment_status":"closed","ping_status":"open","template":"","meta":{"_exactmetrics_skip_tracking":false,"_exactmetrics_sitenote_active":false,"_exactmetrics_sitenote_note":"","_exactmetrics_sitenote_category":0,"footnotes":""},"class_list":["post-2","page","type-page","status-publish","hentry"],"_links":{"self":[{"href":"https:\/\/www.cybsec.fr\/index.php\/wp-json\/wp\/v2\/pages\/2","targetHints":{"allow":["GET"]}}],"collection":[{"href":"https:\/\/www.cybsec.fr\/index.php\/wp-json\/wp\/v2\/pages"}],"about":[{"href":"https:\/\/www.cybsec.fr\/index.php\/wp-json\/wp\/v2\/types\/page"}],"author":[{"embeddable":true,"href":"https:\/\/www.cybsec.fr\/index.php\/wp-json\/wp\/v2\/users\/1"}],"replies":[{"embeddable":true,"href":"https:\/\/www.cybsec.fr\/index.php\/wp-json\/wp\/v2\/comments?post=2"}],"version-history":[{"count":6,"href":"https:\/\/www.cybsec.fr\/index.php\/wp-json\/wp\/v2\/pages\/2\/revisions"}],"predecessor-version":[{"id":24,"href":"https:\/\/www.cybsec.fr\/index.php\/wp-json\/wp\/v2\/pages\/2\/revisions\/24"}],"wp:attachment":[{"href":"https:\/\/www.cybsec.fr\/index.php\/wp-json\/wp\/v2\/media?parent=2"}],"curies":[{"name":"wp","href":"https:\/\/api.w.org\/{rel}","templated":true}]}}