{"id":25,"date":"2018-12-12T07:41:34","date_gmt":"2018-12-12T06:41:34","guid":{"rendered":"https:\/\/www.cybsec.fr\/?page_id=25"},"modified":"2020-07-01T08:09:28","modified_gmt":"2020-07-01T07:09:28","slug":"politique-de-confidentialite","status":"publish","type":"page","link":"https:\/\/www.cybsec.fr\/index.php\/politique-de-confidentialite\/","title":{"rendered":"Politique de confidentialit\u00e9 &#8211; Donn\u00e9es personnelles et cookies"},"content":{"rendered":"\n<h2 class=\"wp-block-heading\"><strong>Introduction<\/strong><\/h2>\n\n\n\n<p>Dans le cadre de ses activit\u00e9s, l&rsquo;organisation CYBSEC TIA\u00a0est amen\u00e9e \u00e0 traiter des informations vous concernant. Par exemple, en remplissant un formulaire d\u2019abonnement, en faisant un achat sur notre boutique en ligne, en contactant notre Service clients, en vous inscrivant \u00e0 un \u00e9v\u00e9nement que nous organisons, en participant \u00e0 un jeu concours, en naviguant sur nos sites Internet ou nos applications mobiles et num\u00e9riques, en cliquant sur un lien publicitaire que nous vous pr\u00e9sentons, vous nous transmettez des informations dont certaines sont de nature \u00e0 vous identifier (\u00ab\u00a0donn\u00e9es personnelles\u00a0\u00bb).<\/p>\n\n\n\n<p>La pr\u00e9sente Politique de confidentialit\u00e9 vous informe de la mani\u00e8re dont nous recueillons et traitons vos donn\u00e9es personnelles. Nous vous invitons \u00e0 la lire attentivement.<\/p>\n\n\n\n<p><strong>Important<\/strong><\/p>\n\n\n\n<p>Nous n\u2019utilisons vos donn\u00e9es personnelles que dans les cas pr\u00e9vus par la r\u00e9glementation en vigueur&nbsp;:<\/p>\n\n\n\n<ul class=\"wp-block-list\"><li>L\u2019ex\u00e9cution d\u2019un contrat que nous avons conclu avec vous, et\/ou<\/li><li>Le respect d\u2019une obligation l\u00e9gale, et\/ou<\/li><li>Votre consentement \u00e0 l\u2019utilisation de vos donn\u00e9es, et\/ou<\/li><li>L\u2019existence d\u2019un int\u00e9r\u00eat l\u00e9gitime \u00e0 utiliser vos donn\u00e9es. L\u2019int\u00e9r\u00eat l\u00e9gitime est un ensemble de raisons commerciales ou d\u2019affaires qui justifie l\u2019utilisation de vos donn\u00e9es par CYBSEC TIA.<\/li><\/ul>\n\n\n\n<p>L\u2019adresse de notre site Web est\u00a0: https:\/\/www.cybsec.fr.<\/p>\n\n\n\n<h2 class=\"wp-block-heading\"><\/h2>\n\n\n\n<p><\/p>\n\n\n\n<h2 class=\"wp-block-heading\">Utilisation des donn\u00e9es personnelles collect\u00e9es<\/h2>\n\n\n\n<h3 class=\"wp-block-heading\">Commentaires<\/h3>\n\n\n\n<p>Quand vous laissez un commentaire sur notre site web, les donn\u00e9es inscrites dans le formulaire de commentaire, mais aussi votre adresse IP et l\u2019agent utilisateur de votre navigateur sont collect\u00e9s pour nous aider \u00e0 la d\u00e9tection des commentaires ind\u00e9sirables.<\/p>\n\n\n\n<p>Une cha\u00eene anonymis\u00e9e cr\u00e9\u00e9e \u00e0 partir de votre adresse de messagerie (\u00e9galement appel\u00e9e hash) peut \u00eatre envoy\u00e9e au service Gravatar pour v\u00e9rifier si vous utilisez ce dernier. Les clauses de confidentialit\u00e9 du service Gravatar sont disponibles ici&nbsp;: https:\/\/automattic.com\/privacy\/. Apr\u00e8s validation de votre commentaire, votre photo de profil sera visible publiquement \u00e0 cot\u00e9 de votre commentaire.<\/p>\n\n\n\n<h3 class=\"wp-block-heading\">M\u00e9dias<\/h3>\n\n\n\n<p>Si vous \u00eates un utilisateur ou une utilisatrice enregistr\u00e9\u00b7e et que vous t\u00e9l\u00e9versez des images sur le site web, nous vous conseillons d\u2019\u00e9viter de t\u00e9l\u00e9verser des images contenant des donn\u00e9es EXIF de coordonn\u00e9es GPS. Les visiteurs de votre site web peuvent t\u00e9l\u00e9charger et extraire des donn\u00e9es de localisation depuis ces images.<\/p>\n\n\n\n<h3 class=\"wp-block-heading\">Formulaires de contact<\/h3>\n\n\n\n<h3 class=\"wp-block-heading\">Cookies<\/h3>\n\n\n\n<p>Si vous d\u00e9posez un commentaire sur notre site, il vous sera propos\u00e9 d\u2019enregistrer votre nom, adresse de messagerie et site web dans des cookies. C\u2019est uniquement pour votre confort afin de ne pas avoir \u00e0 saisir ces informations si vous d\u00e9posez un autre commentaire plus tard. Ces cookies expirent au bout d\u2019un an.<\/p>\n\n\n\n<p>Si vous avez un compte et que vous vous connectez sur ce site, un cookie temporaire sera cr\u00e9\u00e9 afin de d\u00e9terminer si votre navigateur accepte les cookies. Il ne contient pas de donn\u00e9es personnelles et sera supprim\u00e9 automatiquement \u00e0 la fermeture de votre navigateur.<\/p>\n\n\n\n<p>Lorsque vous vous connecterez, nous mettrons en place un certain nombre de cookies pour enregistrer vos informations de connexion et vos pr\u00e9f\u00e9rences d\u2019\u00e9cran. La dur\u00e9e de vie d\u2019un cookie de connexion est de deux jours, celle d\u2019un cookie d\u2019option d\u2019\u00e9cran est d\u2019un an. Si vous cochez \u00ab&nbsp;Se souvenir de moi&nbsp;\u00bb, votre cookie de connexion sera conserv\u00e9 pendant deux semaines. Si vous vous d\u00e9connectez de votre compte, le cookie de connexion sera effac\u00e9.<\/p>\n\n\n\n<p>En modifiant ou en publiant une publication, un cookie suppl\u00e9mentaire sera enregistr\u00e9 dans votre navigateur. Ce cookie ne comprend aucune donn\u00e9e personnelle. Il indique simplement l\u2019ID de la publication que vous venez de modifier. Il expire au bout d\u2019un jour.<\/p>\n\n\n\n<p>Vous trouverez de plus amples informations sur les cookies sur les sites suivants :<\/p>\n\n\n\n<p><a href=\"https:\/\/www.cnil.fr\/fr\/site-web-cookies-et-autres-traceurs\">www.cnil.fr<\/a><br><a href=\"http:\/\/www.allaboutcookies.org\/\">www.allaboutcookies.org<\/a><br><a href=\"http:\/\/www.aboutcookies.org\/\">www.aboutcookies.org<\/a><br><a href=\"http:\/\/www.youronlinechoices.eu\/\">www.youronlinechoices.eu<\/a><\/p>\n\n\n\n<h3 class=\"wp-block-heading\"><\/h3>\n\n\n\n<h3 class=\"wp-block-heading\">Contenu embarqu\u00e9 depuis d\u2019autres sites<\/h3>\n\n\n\n<p>Les articles de ce site peuvent inclure des contenus int\u00e9gr\u00e9s (par exemple des vid\u00e9os, images, articles\u2026). Le contenu int\u00e9gr\u00e9 depuis d\u2019autres sites se comporte de la m\u00eame mani\u00e8re que si le visiteur se rendait sur cet autre site.<\/p>\n\n\n\n<p>Ces sites web pourraient collecter des donn\u00e9es sur vous, utiliser des cookies, embarquer des outils de suivis tiers, suivre vos interactions avec ces contenus embarqu\u00e9s si vous disposez d\u2019un compte connect\u00e9 sur leur site web.<\/p>\n\n\n\n<h3 class=\"wp-block-heading\">Statistiques et mesures d\u2019audience<\/h3>\n\n\n\n<p><\/p>\n\n\n\n<h2 class=\"wp-block-heading\">Utilisation et transmission de vos donn\u00e9es personnelles<\/h2>\n\n\n\n<h2 class=\"wp-block-heading\">Dur\u00e9es de stockage de vos donn\u00e9es<\/h2>\n\n\n\n<p>Si vous laissez un commentaire, le commentaire et ses m\u00e9tadonn\u00e9es sont conserv\u00e9s ind\u00e9finiment. Cela permet de reconna\u00eetre et approuver automatiquement les commentaires suivants au lieu de les laisser dans la file de mod\u00e9ration.<\/p>\n\n\n\n<p>Pour les utilisateurs et utilisatrices qui s\u2019enregistrent sur notre site (si cela est possible), nous stockons \u00e9galement les donn\u00e9es personnelles indiqu\u00e9es dans leur profil. Tous les utilisateurs et utilisatrices peuvent voir, modifier ou supprimer leurs informations personnelles \u00e0 tout moment (\u00e0 l\u2019exception de leur nom d\u2019utilisateur\u00b7ice). Les gestionnaires du site peuvent aussi voir et modifier ces informations.<\/p>\n\n\n\n<p>Vos donn\u00e9es personnelles sont conserv\u00e9es pendant une dur\u00e9e conforme aux dispositions l\u00e9gales ou proportionnelles aux finalit\u00e9s pour lesquelles elles ont \u00e9t\u00e9 enregistr\u00e9es. Certaines dur\u00e9es de conservation r\u00e9pondent \u00e0 l\u2019int\u00e9r\u00eat l\u00e9gitime de CYBSEC TIA\u00a0tel que sp\u00e9cifi\u00e9 en introduction.<\/p>\n\n\n\n<p>Les dur\u00e9es de conservation varient selon que nous avons une relation de nature contractuelle en cours (vous \u00eates un client actif), que nous avons eu avec vous par le pass\u00e9 une relation contractuelle (vous \u00eates un client inactif) ou que nous n\u2019avons jamais eu avec vous de relation de ce type (vous \u00eates alors un prospect). Les donn\u00e9es li\u00e9es \u00e0 votre navigation sur nos services en ligne collect\u00e9es par les cookies que vous avez autoris\u00e9s ont une dur\u00e9e de conservation sp\u00e9cifique.<\/p>\n\n\n\n<p>Le tableau ci-dessous mentionne les principales dur\u00e9es de conservation de vos donn\u00e9es.<\/p>\n\n\n\n<p>En tout \u00e9tat de cause, nous r\u00e9visons r\u00e9guli\u00e8rement les informations que nous d\u00e9tenons. Lorsque leur conservation n\u2019est plus justifi\u00e9e par des exigences l\u00e9gales, commerciales ou li\u00e9es \u00e0 la gestion de votre compte client, ou si vous avez fait usage d\u2019un droit de modification ou d\u2019effacement, nous les supprimerons de fa\u00e7on s\u00e9curis\u00e9e.<\/p>\n\n\n\n<figure class=\"wp-block-table\"><table><tbody><tr><td><strong>Cat\u00e9gories de donn\u00e9es<\/strong><\/td><td><strong>Finalit\u00e9s<\/strong><\/td><td><strong>Dur\u00e9es de conservation<\/strong><\/td><\/tr><tr><td><strong>Donn\u00e9es relatives \u00e0 un prospect<\/strong><\/td><\/tr><tr><td>Ensemble des donn\u00e9es<\/td><td>Constitution et gestion d\u2019un fichier de prospects<\/td><td>3 ans \u00e0 compter de la collecte des donn\u00e9es ou du dernier contact \u00e9manant du prospect<\/td><\/tr><tr><td><strong>Donn\u00e9es relatives \u00e0 un client actif<\/strong><\/td><\/tr><tr><td>Ensemble des donn\u00e9es<\/td><td>Gestion du compte client<\/td><td>Pendant toute la dur\u00e9e de la relation contractuelle<\/td><\/tr><tr><td><strong>Donn\u00e9es relatives \u00e0 un client inactif<\/strong><\/td><\/tr><tr><td>Donn\u00e9es relatives \u00e0 l\u2019ex\u00e9cution du contrat<\/td><td>Gestion du compte client, des commandes, des livraisons, de la facturation, des paiements<\/td><td>10 ans apr\u00e8s la fin du contrat ou le dernier contact \u00e9manant du client inactif<\/td><\/tr><tr><td>Donn\u00e9es d\u2019identification et de contact \u2013 Clients inactifs Presse quotidienne<\/td><td>Envoi d\u2019informations sur l\u2019\u00e9volution de notre publication et nos offres<\/td><td>5 ans apr\u00e8s la fin du contrat ou le dernier contact \u00e9manant du client inactif<\/td><\/tr><tr><td>Donn\u00e9es d\u2019identification et de contact \u2013 Client inactifs PresseMagazines<\/td><td>Envoi d\u2019informations sur l\u2019\u00e9volution de nos publications et nos offres<\/td><td>5 ans apr\u00e8s la fin du contrat ou le dernier contact \u00e9manant du client inactif(10 ans pour le nom, le pr\u00e9nom et l\u2019adresse postale)<\/td><\/tr><tr><td>Donn\u00e9es d\u2019identification\u2013 Abonn\u00e9s num\u00e9riques<\/td><td>Envoi d\u2019informations sur l\u2019\u00e9volution de notre publication et nos offres<\/td><td>5 ans apr\u00e8s la fin du contrat ou le dernier contact \u00e9manant du client inactif<\/td><\/tr><tr><td>Donn\u00e9es d\u2019identification et de contact \u2013 Inscrits newsletters<\/td><td>Envoi d\u2019informations sur l\u2019\u00e9volution de nos publications et nos offres<\/td><td>3 ans \u00e0 compter de la d\u00e9sinscription ou du dernier contact \u00e9manant du client<\/td><\/tr><tr><td>Donn\u00e9es d\u2019identification et de contact \u2013 Inscrits compte Web<\/td><td>Envoi d\u2019informations sur l\u2019\u00e9volution de nos publications et nos offres<\/td><td>3 ans \u00e0 compter de la d\u00e9sinscription ou du dernier contact \u00e9manant du client<\/td><\/tr><tr><td>Donn\u00e9es d\u2019identification et de contact \u2013 Acheteurs VPC<\/td><td>Envoi d\u2019informations sur l\u2019\u00e9volution de nos publications et nos offres<\/td><td>5 ans apr\u00e8s la livraison du produit ou le dernier contact \u00e9manant du client inactif(10 ans pour le nom, le pr\u00e9nom et l\u2019adresse postale)<\/td><\/tr><tr><td><strong>Donn\u00e9es g\u00e9n\u00e9r\u00e9es par les cookies<\/strong><\/td><\/tr><tr><td>Donn\u00e9es li\u00e9es \u00e0 votre navigation sur nos servicesen ligne<\/td><td>Fonctionnement et optimisation des servicesMesures de fr\u00e9quentation.Personnalisation des contenus et publicit\u00e9s<\/td><td>13 mois maximum<\/td><\/tr><tr><td><strong>Donn\u00e9es suppos\u00e9es<\/strong><\/td><\/tr><tr><td>Donn\u00e9es relatives \u00e0 vos usages et vos centres d\u2019int\u00e9r\u00eat suppos\u00e9s<\/td><td>Envoi d\u2019informations et d\u2019offres suppos\u00e9es correspondre \u00e0 vos centres d\u2019int\u00e9r\u00eat et vos usages<\/td><td>Mise \u00e0 jour annuelle<\/td><\/tr><\/tbody><\/table><\/figure>\n\n\n\n<h2 class=\"wp-block-heading\">Les droits que vous avez sur vos donn\u00e9es<\/h2>\n\n\n\n<p>Si vous avez un compte ou si vous avez laiss\u00e9 des commentaires sur le site, vous pouvez demander \u00e0 recevoir un fichier contenant toutes les donn\u00e9es personnelles que nous poss\u00e9dons \u00e0 votre sujet, incluant celles que vous nous avez fournies. Vous pouvez \u00e9galement demander la suppression des donn\u00e9es personnelles vous concernant. Cela ne prend pas en compte les donn\u00e9es stock\u00e9es \u00e0 des fins administratives, l\u00e9gales ou pour des raisons de s\u00e9curit\u00e9.<\/p>\n\n\n\n<h2 class=\"wp-block-heading\">Transmission de vos donn\u00e9es personnelles<\/h2>\n\n\n\n<p>Les commentaires des visiteurs peuvent \u00eatre v\u00e9rifi\u00e9s \u00e0 l\u2019aide d\u2019un service automatis\u00e9 de d\u00e9tection des commentaires ind\u00e9sirables.<\/p>\n\n\n\n<p>Sont susceptibles d\u2019avoir acc\u00e8s \u00e0 certaines de vos donn\u00e9es&nbsp;:<\/p>\n\n\n\n<ul class=\"wp-block-list\"><li>Les collaborateurs des services abonnements, relation clients, administratif, comptabilit\u00e9 et contr\u00f4le de gestion, informatique et marketing &amp;\u00a0commercial.<\/li><\/ul>\n\n\n\n<p>L\u2019acc\u00e8s \u00e0 vos donn\u00e9es se fait sur la base d\u2019autorisations d\u2019acc\u00e8s individuel et limit\u00e9. Les personnels pouvant acc\u00e9der aux donn\u00e9es personnelles sont soumis \u00e0 une obligation de confidentialit\u00e9 (par un engagement nominal et personnel de confidentialit\u00e9)<\/p>\n\n\n\n<p><strong>Transmission de donn\u00e9es<\/strong><\/p>\n\n\n\n<p>Sont susceptibles d\u2019avoir acc\u00e8s \u00e0 certaines de vos donn\u00e9es&nbsp;:<\/p>\n\n\n\n<p>\u2013&nbsp;<strong>Les plates-formes de r\u00e9seaux sociaux<\/strong><\/p>\n\n\n\n<p>L\u2019utilisation des r\u00e9seaux sociaux pour interagir avec nos sites et applications (notamment les boutons \u00ab\u00a0partager\u00a0\u00bb de Facebook, Twitter) est en effet susceptible d\u2019entra\u00eener des \u00e9changes de donn\u00e9es entre CYBSEC TIA\u00a0et ces r\u00e9seaux sociaux. <\/p>\n\n\n\n<p>\u2013&nbsp;<strong>Les autorit\u00e9s de police, autorit\u00e9s judiciaires ou administratives<\/strong><\/p>\n\n\n\n<p>Lorsque nous avons l\u2019obligation l\u00e9gale de le faire ou afin de garantir les droits, les biens et la s\u00e9curit\u00e9 de CYBSEC TIA.<\/p>\n\n\n\n<h2 class=\"wp-block-heading\">Informations de contact<\/h2>\n\n\n\n<p>contact@cybsec.fr<\/p>\n\n\n\n<h2 class=\"wp-block-heading\">Informations suppl\u00e9mentaires<\/h2>\n\n\n\n<h3 class=\"wp-block-heading\">Comment nous prot\u00e9geons vos donn\u00e9es<\/h3>\n\n\n\n<p>En tant que responsable de traitements, nous mettons en \u0153uvre des mesures techniques et organisationnelles appropri\u00e9es conform\u00e9ment aux dispositions l\u00e9gales applicables, pour prot\u00e9ger vos donn\u00e9es personnelles contre l\u2019alt\u00e9ration, la perte accidentelle ou illicite, l\u2019utilisation, la divulgation ou l\u2019acc\u00e8s non autoris\u00e9, et notamment&nbsp;:<\/p>\n\n\n\n<ul class=\"wp-block-list\"><li>La nomination d\u2019un d\u00e9l\u00e9gu\u00e9 \u00e0 la protection des donn\u00e9es&nbsp;;<\/li><li>La constitution d\u2019une cellule consacr\u00e9e \u00e0 la s\u00e9curit\u00e9 des syst\u00e8mes d\u2019information&nbsp;;<\/li><li>La sensibilisation aux exigences de confidentialit\u00e9 de nos collaborateurs amen\u00e9s \u00e0 acc\u00e9der<br>\u00e0 vos donn\u00e9es personnelles&nbsp;;<\/li><li>La s\u00e9curisation de l\u2019acc\u00e8s \u00e0 nos locaux et \u00e0 nos plates-formes informatiques&nbsp;;<\/li><li>La mise en \u0153uvre d\u2019une politique g\u00e9n\u00e9rale de s\u00e9curit\u00e9 informatique de l\u2019entreprise&nbsp;;<\/li><li>La s\u00e9curisation de l\u2019acc\u00e8s, du partage et du transfert des donn\u00e9es&nbsp;;<\/li><li>Le haut degr\u00e9 d\u2019exigence en mati\u00e8re de protection des donn\u00e9es lors de la s\u00e9lection de nos sous-traitants et partenaires.<\/li><\/ul>\n\n\n\n<h3 class=\"wp-block-heading\"><\/h3>\n\n\n\n<h3 class=\"wp-block-heading\"><\/h3>\n","protected":false},"excerpt":{"rendered":"<p>Introduction Dans le cadre de ses activit\u00e9s, l&rsquo;organisation CYBSEC TIA\u00a0est amen\u00e9e \u00e0 traiter des informations vous concernant. Par exemple, en remplissant un formulaire d\u2019abonnement, en faisant un achat sur notre boutique en ligne, en contactant notre Service clients, en vous inscrivant \u00e0 un \u00e9v\u00e9nement que nous organisons, en participant \u00e0 un jeu concours, en naviguant &hellip; <a href=\"https:\/\/www.cybsec.fr\/index.php\/politique-de-confidentialite\/\" class=\"more-link\">Continuer la lecture<span class=\"screen-reader-text\"> de &laquo;&nbsp;Politique de confidentialit\u00e9 &#8211; Donn\u00e9es personnelles et cookies&nbsp;&raquo;<\/span><\/a><\/p>\n","protected":false},"author":1,"featured_media":0,"parent":0,"menu_order":0,"comment_status":"closed","ping_status":"closed","template":"","meta":{"_exactmetrics_skip_tracking":false,"_exactmetrics_sitenote_active":false,"_exactmetrics_sitenote_note":"","_exactmetrics_sitenote_category":0,"footnotes":""},"class_list":["post-25","page","type-page","status-publish","hentry"],"_links":{"self":[{"href":"https:\/\/www.cybsec.fr\/index.php\/wp-json\/wp\/v2\/pages\/25","targetHints":{"allow":["GET"]}}],"collection":[{"href":"https:\/\/www.cybsec.fr\/index.php\/wp-json\/wp\/v2\/pages"}],"about":[{"href":"https:\/\/www.cybsec.fr\/index.php\/wp-json\/wp\/v2\/types\/page"}],"author":[{"embeddable":true,"href":"https:\/\/www.cybsec.fr\/index.php\/wp-json\/wp\/v2\/users\/1"}],"replies":[{"embeddable":true,"href":"https:\/\/www.cybsec.fr\/index.php\/wp-json\/wp\/v2\/comments?post=25"}],"version-history":[{"count":4,"href":"https:\/\/www.cybsec.fr\/index.php\/wp-json\/wp\/v2\/pages\/25\/revisions"}],"predecessor-version":[{"id":125,"href":"https:\/\/www.cybsec.fr\/index.php\/wp-json\/wp\/v2\/pages\/25\/revisions\/125"}],"wp:attachment":[{"href":"https:\/\/www.cybsec.fr\/index.php\/wp-json\/wp\/v2\/media?parent=25"}],"curies":[{"name":"wp","href":"https:\/\/api.w.org\/{rel}","templated":true}]}}